{"id":17,"date":"2024-07-18T07:27:20","date_gmt":"2024-07-18T07:27:20","guid":{"rendered":"https:\/\/www.hotelstreym.com\/?page_id=17"},"modified":"2024-07-18T07:41:42","modified_gmt":"2024-07-18T07:41:42","slug":"prices","status":"publish","type":"page","link":"https:\/\/www.hotelstreym.com\/?page_id=17","title":{"rendered":"Prices"},"content":{"rendered":"\n<p>Hotel Streym has 26 rooms, divided into 6 single- and 20 double rooms.<\/p>\n\n\n\n<p>All our rooms are decorated in modern light colors, and include, private bathroom with heated flooring, a workspace and an easy chair. Every room also has a telephone and satellite TV.<\/p>\n\n\n\n<p>It is possible to access our broadband internet connection directly from your room, so you can check your e-mail on your laptop. Ask in the reception for details.<\/p>\n\n\n\n<p>Most our double rooms feature a seaview over N\u00f3lsoyarfj\u00f8r\u00f0.<\/p>\n\n\n\n<p>These prices include breakfast and free internet access.<\/p>\n\n\n\n<p><strong>Prices valid from October 2008 to May 2009:<\/strong><br>Single room : 695 DKK<br>Double room for one person: 745 DKK<br>Double room: 895 DKK<\/p>\n\n\n\n<p><strong>Prices valid from May 2009 til October 2009:<\/strong><br>Single room : 695 DKK<br>Double room for one person: 845 DKK<br>Double room: 995 DKK<\/p>\n","protected":false},"excerpt":{"rendered":"<p>Hotel Streym has 26 rooms, divided into 6 single- and 20 double rooms. All our rooms are decorated in modern light colors, and include, private bathroom with heated flooring, a workspace and an easy chair. Every room also has a &hellip; <a href=\"https:\/\/www.hotelstreym.com\/?page_id=17\">Continue reading <span class=\"meta-nav\">&rarr;<\/span><\/a><\/p>\n","protected":false},"author":1,"featured_media":0,"parent":0,"menu_order":3,"comment_status":"closed","ping_status":"closed","template":"","meta":{"footnotes":""},"class_list":["post-17","page","type-page","status-publish","hentry"],"_links":{"self":[{"href":"https:\/\/www.hotelstreym.com\/index.php?rest_route=\/wp\/v2\/pages\/17","targetHints":{"allow":["GET"]}}],"collection":[{"href":"https:\/\/www.hotelstreym.com\/index.php?rest_route=\/wp\/v2\/pages"}],"about":[{"href":"https:\/\/www.hotelstreym.com\/index.php?rest_route=\/wp\/v2\/types\/page"}],"author":[{"embeddable":true,"href":"https:\/\/www.hotelstreym.com\/index.php?rest_route=\/wp\/v2\/users\/1"}],"replies":[{"embeddable":true,"href":"https:\/\/www.hotelstreym.com\/index.php?rest_route=%2Fwp%2Fv2%2Fcomments&post=17"}],"version-history":[{"count":2,"href":"https:\/\/www.hotelstreym.com\/index.php?rest_route=\/wp\/v2\/pages\/17\/revisions"}],"predecessor-version":[{"id":19,"href":"https:\/\/www.hotelstreym.com\/index.php?rest_route=\/wp\/v2\/pages\/17\/revisions\/19"}],"wp:attachment":[{"href":"https:\/\/www.hotelstreym.com\/index.php?rest_route=%2Fwp%2Fv2%2Fmedia&parent=17"}],"curies":[{"name":"wp","href":"https:\/\/api.w.org\/{rel}","templated":true}]}}